{"id":33,"date":"2021-04-29T20:59:51","date_gmt":"2021-04-29T18:59:51","guid":{"rendered":"https:\/\/www.pomocpsikom.sk\/?page_id=33"},"modified":"2024-06-03T10:28:35","modified_gmt":"2024-06-03T08:28:35","slug":"organizacia","status":"publish","type":"page","link":"https:\/\/www.pomocpsikom.sk\/en\/odchyt-psov\/organizacia\/","title":{"rendered":"Organization"},"content":{"rendered":"<div data-elementor-type=\"wp-page\" data-elementor-id=\"33\" class=\"elementor elementor-33\" data-elementor-post-type=\"page\">\n\t\t\t\t\t\t<section data-particle_enable=\"false\" data-particle-mobile-disabled=\"false\" class=\"elementor-section elementor-top-section elementor-element elementor-element-7fa9dcd3 elementor-section-content-middle elementor-reverse-mobile elementor-section-boxed elementor-section-height-default elementor-section-height-default\" data-id=\"7fa9dcd3\" data-element_type=\"section\" data-e-type=\"section\" data-settings=\"{&quot;ekit_has_onepagescroll_dot&quot;:&quot;yes&quot;}\">\n\t\t\t\t\t\t<div class=\"elementor-container elementor-column-gap-default\">\n\t\t\t\t\t<div class=\"elementor-column elementor-col-100 elementor-top-column elementor-element elementor-element-3eb4a175\" data-id=\"3eb4a175\" data-element_type=\"column\" data-e-type=\"column\">\n\t\t\t<div class=\"elementor-widget-wrap elementor-element-populated\">\n\t\t\t\t\t\t<div class=\"elementor-element elementor-element-7d0f8efd elementor-widget elementor-widget-heading\" data-id=\"7d0f8efd\" data-element_type=\"widget\" data-e-type=\"widget\" data-settings=\"{&quot;ekit_we_effect_on&quot;:&quot;none&quot;}\" data-widget_type=\"heading.default\">\n\t\t\t\t<div class=\"elementor-widget-container\">\n\t\t\t\t\t<h3 class=\"elementor-heading-title elementor-size-default\">Organization<\/h3>\t\t\t\t<\/div>\n\t\t\t\t<\/div>\n\t\t\t\t<div class=\"elementor-element elementor-element-bf41ec6 elementor-widget-divider--view-line elementor-widget elementor-widget-divider\" data-id=\"bf41ec6\" data-element_type=\"widget\" data-e-type=\"widget\" data-settings=\"{&quot;ekit_we_effect_on&quot;:&quot;none&quot;}\" data-widget_type=\"divider.default\">\n\t\t\t\t<div class=\"elementor-widget-container\">\n\t\t\t\t\t\t\t<div class=\"elementor-divider\">\n\t\t\t<span class=\"elementor-divider-separator\">\n\t\t\t\t\t\t<\/span>\n\t\t<\/div>\n\t\t\t\t\t\t<\/div>\n\t\t\t\t<\/div>\n\t\t\t\t<div class=\"elementor-element elementor-element-2a1e7b4e elementor-widget elementor-widget-heading\" data-id=\"2a1e7b4e\" data-element_type=\"widget\" data-e-type=\"widget\" data-settings=\"{&quot;ekit_we_effect_on&quot;:&quot;none&quot;}\" data-widget_type=\"heading.default\">\n\t\t\t\t<div class=\"elementor-widget-container\">\n\t\t\t\t\t<h2 class=\"elementor-heading-title elementor-size-default\">How Do We Ensure Dog Capture for Municipalities?<\/h2>\t\t\t\t<\/div>\n\t\t\t\t<\/div>\n\t\t\t\t<section data-particle_enable=\"false\" data-particle-mobile-disabled=\"false\" class=\"elementor-section elementor-inner-section elementor-element elementor-element-169a8d77 elementor-section-content-top elementor-section-boxed elementor-section-height-default elementor-section-height-default\" data-id=\"169a8d77\" data-element_type=\"section\" data-e-type=\"section\" data-settings=\"{&quot;ekit_has_onepagescroll_dot&quot;:&quot;yes&quot;}\">\n\t\t\t\t\t\t<div class=\"elementor-container elementor-column-gap-default\">\n\t\t\t\t\t<div class=\"elementor-column elementor-col-50 elementor-inner-column elementor-element elementor-element-3bf68c9f\" data-id=\"3bf68c9f\" data-element_type=\"column\" data-e-type=\"column\">\n\t\t\t<div class=\"elementor-widget-wrap elementor-element-populated\">\n\t\t\t\t\t\t<div class=\"elementor-element elementor-element-72d5aeb7 elementor-widget elementor-widget-text-editor\" data-id=\"72d5aeb7\" data-element_type=\"widget\" data-e-type=\"widget\" data-settings=\"{&quot;ekit_we_effect_on&quot;:&quot;none&quot;}\" data-widget_type=\"text-editor.default\">\n\t\t\t\t<div class=\"elementor-widget-container\">\n\t\t\t\t\t\t\t\t\t<p>In collaboration with Defense Pro, s.r.o., we receive information on lost and found pets within municipalities. Our dispatch service is available 24\/7, providing support for stray and found animals. We are here for you nonstop and ready to respond immediately.<\/p><p>You can read more about the professional capture service offered by <a href=\"https:\/\/defensepro.sk\/\" target=\"_blank\" rel=\"noopener\"><span style=\"color: #6ccdae;\"><strong>Defense Pro<\/strong><\/span><\/a>. \ud83d\ude42<\/p><p>You can download the flyer with information about the dog capture service with just one click <a href=\"https:\/\/defensepro.sk\/wp-content\/uploads\/2021\/03\/defensepro-odchyt-psov-plagat-2020.pdf\" target=\"_blank\" rel=\"noopener\"><span style=\"color: #6ccdae;\"><strong>HERE<\/strong><\/span><\/a>.<\/p>\t\t\t\t\t\t\t\t<\/div>\n\t\t\t\t<\/div>\n\t\t\t\t\t<\/div>\n\t\t<\/div>\n\t\t\t\t<div class=\"elementor-column elementor-col-50 elementor-inner-column elementor-element elementor-element-61825ca7\" data-id=\"61825ca7\" data-element_type=\"column\" data-e-type=\"column\" data-settings=\"{&quot;background_background&quot;:&quot;classic&quot;}\">\n\t\t\t<div class=\"elementor-widget-wrap elementor-element-populated\">\n\t\t\t\t\t<div class=\"elementor-background-overlay\"><\/div>\n\t\t\t\t\t\t<div class=\"elementor-element elementor-element-1452aa7e elementor-widget elementor-widget-image\" data-id=\"1452aa7e\" data-element_type=\"widget\" data-e-type=\"widget\" data-settings=\"{&quot;ekit_we_effect_on&quot;:&quot;none&quot;}\" data-widget_type=\"image.default\">\n\t\t\t\t<div class=\"elementor-widget-container\">\n\t\t\t\t\t\t\t\t\t\t\t\t\t\t\t\t<a href=\"https:\/\/www.pomocpsikom.sk\/wp-content\/uploads\/2021\/05\/IMG-080521-01.jpg\" data-elementor-open-lightbox=\"yes\" data-elementor-lightbox-title=\"IMG-080521-01\" data-e-action-hash=\"#elementor-action%3Aaction%3Dlightbox%26settings%3DeyJpZCI6MjEzLCJ1cmwiOiJodHRwczpcL1wvd3d3LnBvbW9jcHNpa29tLnNrXC93cC1jb250ZW50XC91cGxvYWRzXC8yMDIxXC8wNVwvSU1HLTA4MDUyMS0wMS5qcGcifQ%3D%3D\">\n\t\t\t\t\t\t\t<img fetchpriority=\"high\" decoding=\"async\" width=\"750\" height=\"750\" src=\"https:\/\/www.pomocpsikom.sk\/wp-content\/uploads\/2021\/05\/IMG-080521-01.jpg\" class=\"attachment-large size-large wp-image-213\" alt=\"\" srcset=\"https:\/\/www.pomocpsikom.sk\/wp-content\/uploads\/2021\/05\/IMG-080521-01.jpg 750w, https:\/\/www.pomocpsikom.sk\/wp-content\/uploads\/2021\/05\/IMG-080521-01-300x300.jpg 300w, https:\/\/www.pomocpsikom.sk\/wp-content\/uploads\/2021\/05\/IMG-080521-01-150x150.jpg 150w\" sizes=\"(max-width: 750px) 100vw, 750px\" \/>\t\t\t\t\t\t\t\t<\/a>\n\t\t\t\t\t\t\t\t\t\t\t\t\t\t\t<\/div>\n\t\t\t\t<\/div>\n\t\t\t\t\t<\/div>\n\t\t<\/div>\n\t\t\t\t\t<\/div>\n\t\t<\/section>\n\t\t\t\t\t<\/div>\n\t\t<\/div>\n\t\t\t\t\t<\/div>\n\t\t<\/section>\n\t\t\t\t<\/div>","protected":false},"excerpt":{"rendered":"<p>Organiz\u00e1cia Ak\u00fdm sp\u00f4sobom zabezpe\u010dujeme odchyt ps\u00edkov pre obce a mest\u00e1? V\u00a0spolupr\u00e1ci so spol. Defense Pro, s.r.o. prij\u00edmame inform\u00e1cie o straten\u00fdch a n\u00e1jden\u00fdch spolo\u010densk\u00fdch zvierat\u00e1ch na \u00fazemiach obc\u00ed, n\u00e1\u0161 dispe\u010ding je v\u00e1m k\u00a0dispoz\u00edcii 24\/7. K\u00a0t\u00falav\u00fdm a\u00a0n\u00e1jden\u00fdm zvierat\u00e1m zabezpe\u010dujeme v\u00fdjazdov\u00fa slu\u017ebu. Sme tu pre v\u00e1s NONSTOP a\u00a0\u0161tartujeme bezodkladne. Tu sa do\u010d\u00edtate viac o profesion\u00e1lnej odchytovej slu\u017ebe Defense [&hellip;]<\/p>\n","protected":false},"author":1,"featured_media":27,"parent":31,"menu_order":0,"comment_status":"closed","ping_status":"closed","template":"","meta":{"_acf_changed":false,"footnotes":""},"class_list":["post-33","page","type-page","status-publish","has-post-thumbnail","hentry"],"acf":[],"yoast_head":"<!-- This site is optimized with the Yoast SEO plugin v27.4 - https:\/\/yoast.com\/product\/yoast-seo-wordpress\/ -->\n<title>Organiz\u00e1cia &#187; OZ Pomoc Ps\u00edkom<\/title>\n<meta name=\"description\" content=\"Ob\u010dianske zdru\u017eenie OZ Pomoc Ps\u00edkom v spolupr\u00e1ci s Defense Pro zabezpe\u010duje odchyt psov pre obce a mest\u00e1. Sme tu pre V\u00e1s NONSTOP 24\/7.\" \/>\n<meta name=\"robots\" content=\"index, follow, max-snippet:-1, max-image-preview:large, max-video-preview:-1\" \/>\n<link rel=\"canonical\" href=\"https:\/\/www.pomocpsikom.sk\/en\/odchyt-psov\/organizacia\/\" \/>\n<meta property=\"og:locale\" content=\"en_GB\" \/>\n<meta property=\"og:type\" content=\"article\" \/>\n<meta property=\"og:title\" content=\"Organiz\u00e1cia &#187; OZ Pomoc Ps\u00edkom\" \/>\n<meta property=\"og:description\" content=\"Ob\u010dianske zdru\u017eenie OZ Pomoc Ps\u00edkom v spolupr\u00e1ci s Defense Pro zabezpe\u010duje odchyt psov pre obce a mest\u00e1. Sme tu pre V\u00e1s NONSTOP 24\/7.\" \/>\n<meta property=\"og:url\" content=\"https:\/\/www.pomocpsikom.sk\/en\/odchyt-psov\/organizacia\/\" \/>\n<meta property=\"og:site_name\" content=\"OZ Pomoc Ps\u00edkom\" \/>\n<meta property=\"article:modified_time\" content=\"2024-06-03T08:28:35+00:00\" \/>\n<meta property=\"og:image\" content=\"https:\/\/www.pomocpsikom.sk\/wp-content\/uploads\/2021\/04\/pomocpsikom-thumbnail.jpg\" \/>\n\t<meta property=\"og:image:width\" content=\"1024\" \/>\n\t<meta property=\"og:image:height\" content=\"574\" \/>\n\t<meta property=\"og:image:type\" content=\"image\/jpeg\" \/>\n<meta name=\"twitter:card\" content=\"summary_large_image\" \/>\n<meta name=\"twitter:label1\" content=\"Estimated reading time\" \/>\n\t<meta name=\"twitter:data1\" content=\"1 minute\" \/>\n<script type=\"application\/ld+json\" class=\"yoast-schema-graph\">{\"@context\":\"https:\\\/\\\/schema.org\",\"@graph\":[{\"@type\":\"WebPage\",\"@id\":\"https:\\\/\\\/www.pomocpsikom.sk\\\/odchyt-psov\\\/organizacia\\\/\",\"url\":\"https:\\\/\\\/www.pomocpsikom.sk\\\/odchyt-psov\\\/organizacia\\\/\",\"name\":\"Organiz\u00e1cia &#187; OZ Pomoc Ps\u00edkom\",\"isPartOf\":{\"@id\":\"https:\\\/\\\/www.pomocpsikom.sk\\\/#website\"},\"primaryImageOfPage\":{\"@id\":\"https:\\\/\\\/www.pomocpsikom.sk\\\/odchyt-psov\\\/organizacia\\\/#primaryimage\"},\"image\":{\"@id\":\"https:\\\/\\\/www.pomocpsikom.sk\\\/odchyt-psov\\\/organizacia\\\/#primaryimage\"},\"thumbnailUrl\":\"https:\\\/\\\/www.pomocpsikom.sk\\\/wp-content\\\/uploads\\\/2021\\\/04\\\/pomocpsikom-thumbnail.jpg\",\"datePublished\":\"2021-04-29T18:59:51+00:00\",\"dateModified\":\"2024-06-03T08:28:35+00:00\",\"description\":\"Ob\u010dianske zdru\u017eenie OZ Pomoc Ps\u00edkom v spolupr\u00e1ci s Defense Pro zabezpe\u010duje odchyt psov pre obce a mest\u00e1. Sme tu pre V\u00e1s NONSTOP 24\\\/7.\",\"breadcrumb\":{\"@id\":\"https:\\\/\\\/www.pomocpsikom.sk\\\/odchyt-psov\\\/organizacia\\\/#breadcrumb\"},\"inLanguage\":\"en-GB\",\"potentialAction\":[{\"@type\":\"ReadAction\",\"target\":[\"https:\\\/\\\/www.pomocpsikom.sk\\\/odchyt-psov\\\/organizacia\\\/\"]}]},{\"@type\":\"ImageObject\",\"inLanguage\":\"en-GB\",\"@id\":\"https:\\\/\\\/www.pomocpsikom.sk\\\/odchyt-psov\\\/organizacia\\\/#primaryimage\",\"url\":\"https:\\\/\\\/www.pomocpsikom.sk\\\/wp-content\\\/uploads\\\/2021\\\/04\\\/pomocpsikom-thumbnail.jpg\",\"contentUrl\":\"https:\\\/\\\/www.pomocpsikom.sk\\\/wp-content\\\/uploads\\\/2021\\\/04\\\/pomocpsikom-thumbnail.jpg\",\"width\":1024,\"height\":574},{\"@type\":\"BreadcrumbList\",\"@id\":\"https:\\\/\\\/www.pomocpsikom.sk\\\/odchyt-psov\\\/organizacia\\\/#breadcrumb\",\"itemListElement\":[{\"@type\":\"ListItem\",\"position\":1,\"name\":\"Domovsk\u00e1 str\u00e1nka\",\"item\":\"https:\\\/\\\/www.pomocpsikom.sk\\\/\"},{\"@type\":\"ListItem\",\"position\":2,\"name\":\"Odchyt psov pre obce a mest\u00e1\",\"item\":\"https:\\\/\\\/www.pomocpsikom.sk\\\/odchyt-psov\\\/\"},{\"@type\":\"ListItem\",\"position\":3,\"name\":\"Organiz\u00e1cia\"}]},{\"@type\":\"WebSite\",\"@id\":\"https:\\\/\\\/www.pomocpsikom.sk\\\/#website\",\"url\":\"https:\\\/\\\/www.pomocpsikom.sk\\\/\",\"name\":\"OZ Pomoc Ps\u00edkom\",\"description\":\"Ob\u010dianske zdru\u017eenie\",\"publisher\":{\"@id\":\"https:\\\/\\\/www.pomocpsikom.sk\\\/#organization\"},\"potentialAction\":[{\"@type\":\"SearchAction\",\"target\":{\"@type\":\"EntryPoint\",\"urlTemplate\":\"https:\\\/\\\/www.pomocpsikom.sk\\\/?s={search_term_string}\"},\"query-input\":{\"@type\":\"PropertyValueSpecification\",\"valueRequired\":true,\"valueName\":\"search_term_string\"}}],\"inLanguage\":\"en-GB\"},{\"@type\":\"Organization\",\"@id\":\"https:\\\/\\\/www.pomocpsikom.sk\\\/#organization\",\"name\":\"OZ Pomoc Ps\u00edkom\",\"url\":\"https:\\\/\\\/www.pomocpsikom.sk\\\/\",\"logo\":{\"@type\":\"ImageObject\",\"inLanguage\":\"en-GB\",\"@id\":\"https:\\\/\\\/www.pomocpsikom.sk\\\/#\\\/schema\\\/logo\\\/image\\\/\",\"url\":\"https:\\\/\\\/www.pomocpsikom.sk\\\/wp-content\\\/uploads\\\/2021\\\/04\\\/pomocpsikom-logo-jpeg.jpg\",\"contentUrl\":\"https:\\\/\\\/www.pomocpsikom.sk\\\/wp-content\\\/uploads\\\/2021\\\/04\\\/pomocpsikom-logo-jpeg.jpg\",\"width\":3000,\"height\":3000,\"caption\":\"OZ Pomoc Ps\u00edkom\"},\"image\":{\"@id\":\"https:\\\/\\\/www.pomocpsikom.sk\\\/#\\\/schema\\\/logo\\\/image\\\/\"}}]}<\/script>\n<!-- \/ Yoast SEO plugin. -->","yoast_head_json":{"title":"Organiz\u00e1cia &#187; OZ Pomoc Ps\u00edkom","description":"Ob\u010dianske zdru\u017eenie OZ Pomoc Ps\u00edkom v spolupr\u00e1ci s Defense Pro zabezpe\u010duje odchyt psov pre obce a mest\u00e1. Sme tu pre V\u00e1s NONSTOP 24\/7.","robots":{"index":"index","follow":"follow","max-snippet":"max-snippet:-1","max-image-preview":"max-image-preview:large","max-video-preview":"max-video-preview:-1"},"canonical":"https:\/\/www.pomocpsikom.sk\/en\/odchyt-psov\/organizacia\/","og_locale":"en_GB","og_type":"article","og_title":"Organiz\u00e1cia &#187; OZ Pomoc Ps\u00edkom","og_description":"Ob\u010dianske zdru\u017eenie OZ Pomoc Ps\u00edkom v spolupr\u00e1ci s Defense Pro zabezpe\u010duje odchyt psov pre obce a mest\u00e1. Sme tu pre V\u00e1s NONSTOP 24\/7.","og_url":"https:\/\/www.pomocpsikom.sk\/en\/odchyt-psov\/organizacia\/","og_site_name":"OZ Pomoc Ps\u00edkom","article_modified_time":"2024-06-03T08:28:35+00:00","og_image":[{"width":1024,"height":574,"url":"https:\/\/www.pomocpsikom.sk\/wp-content\/uploads\/2021\/04\/pomocpsikom-thumbnail.jpg","type":"image\/jpeg"}],"twitter_card":"summary_large_image","twitter_misc":{"Estimated reading time":"1 minute"},"schema":{"@context":"https:\/\/schema.org","@graph":[{"@type":"WebPage","@id":"https:\/\/www.pomocpsikom.sk\/odchyt-psov\/organizacia\/","url":"https:\/\/www.pomocpsikom.sk\/odchyt-psov\/organizacia\/","name":"Organiz\u00e1cia &#187; OZ Pomoc Ps\u00edkom","isPartOf":{"@id":"https:\/\/www.pomocpsikom.sk\/#website"},"primaryImageOfPage":{"@id":"https:\/\/www.pomocpsikom.sk\/odchyt-psov\/organizacia\/#primaryimage"},"image":{"@id":"https:\/\/www.pomocpsikom.sk\/odchyt-psov\/organizacia\/#primaryimage"},"thumbnailUrl":"https:\/\/www.pomocpsikom.sk\/wp-content\/uploads\/2021\/04\/pomocpsikom-thumbnail.jpg","datePublished":"2021-04-29T18:59:51+00:00","dateModified":"2024-06-03T08:28:35+00:00","description":"Ob\u010dianske zdru\u017eenie OZ Pomoc Ps\u00edkom v spolupr\u00e1ci s Defense Pro zabezpe\u010duje odchyt psov pre obce a mest\u00e1. Sme tu pre V\u00e1s NONSTOP 24\/7.","breadcrumb":{"@id":"https:\/\/www.pomocpsikom.sk\/odchyt-psov\/organizacia\/#breadcrumb"},"inLanguage":"en-GB","potentialAction":[{"@type":"ReadAction","target":["https:\/\/www.pomocpsikom.sk\/odchyt-psov\/organizacia\/"]}]},{"@type":"ImageObject","inLanguage":"en-GB","@id":"https:\/\/www.pomocpsikom.sk\/odchyt-psov\/organizacia\/#primaryimage","url":"https:\/\/www.pomocpsikom.sk\/wp-content\/uploads\/2021\/04\/pomocpsikom-thumbnail.jpg","contentUrl":"https:\/\/www.pomocpsikom.sk\/wp-content\/uploads\/2021\/04\/pomocpsikom-thumbnail.jpg","width":1024,"height":574},{"@type":"BreadcrumbList","@id":"https:\/\/www.pomocpsikom.sk\/odchyt-psov\/organizacia\/#breadcrumb","itemListElement":[{"@type":"ListItem","position":1,"name":"Domovsk\u00e1 str\u00e1nka","item":"https:\/\/www.pomocpsikom.sk\/"},{"@type":"ListItem","position":2,"name":"Odchyt psov pre obce a mest\u00e1","item":"https:\/\/www.pomocpsikom.sk\/odchyt-psov\/"},{"@type":"ListItem","position":3,"name":"Organiz\u00e1cia"}]},{"@type":"WebSite","@id":"https:\/\/www.pomocpsikom.sk\/#website","url":"https:\/\/www.pomocpsikom.sk\/","name":"OZ Pomoc Ps\u00edkom","description":"Civic Association","publisher":{"@id":"https:\/\/www.pomocpsikom.sk\/#organization"},"potentialAction":[{"@type":"SearchAction","target":{"@type":"EntryPoint","urlTemplate":"https:\/\/www.pomocpsikom.sk\/?s={search_term_string}"},"query-input":{"@type":"PropertyValueSpecification","valueRequired":true,"valueName":"search_term_string"}}],"inLanguage":"en-GB"},{"@type":"Organization","@id":"https:\/\/www.pomocpsikom.sk\/#organization","name":"OZ Pomoc Ps\u00edkom","url":"https:\/\/www.pomocpsikom.sk\/","logo":{"@type":"ImageObject","inLanguage":"en-GB","@id":"https:\/\/www.pomocpsikom.sk\/#\/schema\/logo\/image\/","url":"https:\/\/www.pomocpsikom.sk\/wp-content\/uploads\/2021\/04\/pomocpsikom-logo-jpeg.jpg","contentUrl":"https:\/\/www.pomocpsikom.sk\/wp-content\/uploads\/2021\/04\/pomocpsikom-logo-jpeg.jpg","width":3000,"height":3000,"caption":"OZ Pomoc Ps\u00edkom"},"image":{"@id":"https:\/\/www.pomocpsikom.sk\/#\/schema\/logo\/image\/"}}]}},"_links":{"self":[{"href":"https:\/\/www.pomocpsikom.sk\/en\/wp-json\/wp\/v2\/pages\/33","targetHints":{"allow":["GET"]}}],"collection":[{"href":"https:\/\/www.pomocpsikom.sk\/en\/wp-json\/wp\/v2\/pages"}],"about":[{"href":"https:\/\/www.pomocpsikom.sk\/en\/wp-json\/wp\/v2\/types\/page"}],"author":[{"embeddable":true,"href":"https:\/\/www.pomocpsikom.sk\/en\/wp-json\/wp\/v2\/users\/1"}],"replies":[{"embeddable":true,"href":"https:\/\/www.pomocpsikom.sk\/en\/wp-json\/wp\/v2\/comments?post=33"}],"version-history":[{"count":0,"href":"https:\/\/www.pomocpsikom.sk\/en\/wp-json\/wp\/v2\/pages\/33\/revisions"}],"up":[{"embeddable":true,"href":"https:\/\/www.pomocpsikom.sk\/en\/wp-json\/wp\/v2\/pages\/31"}],"wp:featuredmedia":[{"embeddable":true,"href":"https:\/\/www.pomocpsikom.sk\/en\/wp-json\/wp\/v2\/media\/27"}],"wp:attachment":[{"href":"https:\/\/www.pomocpsikom.sk\/en\/wp-json\/wp\/v2\/media?parent=33"}],"curies":[{"name":"wp","href":"https:\/\/api.w.org\/{rel}","templated":true}]}}