{"id":36,"date":"2021-04-29T21:02:35","date_gmt":"2021-04-29T19:02:35","guid":{"rendered":"https:\/\/www.pomocpsikom.sk\/?page_id=36"},"modified":"2024-06-03T10:28:24","modified_gmt":"2024-06-03T08:28:24","slug":"nasa-cinnost","status":"publish","type":"page","link":"https:\/\/www.pomocpsikom.sk\/en\/odchyt-psov\/nasa-cinnost\/","title":{"rendered":"Our Activities"},"content":{"rendered":"<div data-elementor-type=\"wp-page\" data-elementor-id=\"36\" class=\"elementor elementor-36\" data-elementor-post-type=\"page\">\n\t\t\t\t\t\t<section data-particle_enable=\"false\" data-particle-mobile-disabled=\"false\" class=\"elementor-section elementor-top-section elementor-element elementor-element-867de92 elementor-section-content-middle elementor-reverse-mobile elementor-section-boxed elementor-section-height-default elementor-section-height-default\" data-id=\"867de92\" data-element_type=\"section\" data-e-type=\"section\" data-settings=\"{&quot;ekit_has_onepagescroll_dot&quot;:&quot;yes&quot;}\">\n\t\t\t\t\t\t<div class=\"elementor-container elementor-column-gap-default\">\n\t\t\t\t\t<div class=\"elementor-column elementor-col-100 elementor-top-column elementor-element elementor-element-236c74a7\" data-id=\"236c74a7\" data-element_type=\"column\" data-e-type=\"column\">\n\t\t\t<div class=\"elementor-widget-wrap elementor-element-populated\">\n\t\t\t\t\t\t<div class=\"elementor-element elementor-element-7063bb3f elementor-widget elementor-widget-heading\" data-id=\"7063bb3f\" data-element_type=\"widget\" data-e-type=\"widget\" data-settings=\"{&quot;ekit_we_effect_on&quot;:&quot;none&quot;}\" data-widget_type=\"heading.default\">\n\t\t\t\t<div class=\"elementor-widget-container\">\n\t\t\t\t\t<h3 class=\"elementor-heading-title elementor-size-default\">Our Activities<\/h3>\t\t\t\t<\/div>\n\t\t\t\t<\/div>\n\t\t\t\t<div class=\"elementor-element elementor-element-4188d498 elementor-widget-divider--view-line elementor-widget elementor-widget-divider\" data-id=\"4188d498\" data-element_type=\"widget\" data-e-type=\"widget\" data-settings=\"{&quot;ekit_we_effect_on&quot;:&quot;none&quot;}\" data-widget_type=\"divider.default\">\n\t\t\t\t<div class=\"elementor-widget-container\">\n\t\t\t\t\t\t\t<div class=\"elementor-divider\">\n\t\t\t<span class=\"elementor-divider-separator\">\n\t\t\t\t\t\t<\/span>\n\t\t<\/div>\n\t\t\t\t\t\t<\/div>\n\t\t\t\t<\/div>\n\t\t\t\t<div class=\"elementor-element elementor-element-63c81bf5 elementor-widget elementor-widget-heading\" data-id=\"63c81bf5\" data-element_type=\"widget\" data-e-type=\"widget\" data-settings=\"{&quot;ekit_we_effect_on&quot;:&quot;none&quot;}\" data-widget_type=\"heading.default\">\n\t\t\t\t<div class=\"elementor-widget-container\">\n\t\t\t\t\t<h2 class=\"elementor-heading-title elementor-size-default\">How Do We Carry Out Our Activities?<\/h2>\t\t\t\t<\/div>\n\t\t\t\t<\/div>\n\t\t\t\t<section data-particle_enable=\"false\" data-particle-mobile-disabled=\"false\" class=\"elementor-section elementor-inner-section elementor-element elementor-element-1efb3566 elementor-section-boxed elementor-section-height-default elementor-section-height-default\" data-id=\"1efb3566\" data-element_type=\"section\" data-e-type=\"section\" data-settings=\"{&quot;ekit_has_onepagescroll_dot&quot;:&quot;yes&quot;}\">\n\t\t\t\t\t\t<div class=\"elementor-container elementor-column-gap-default\">\n\t\t\t\t\t<div class=\"elementor-column elementor-col-50 elementor-inner-column elementor-element elementor-element-33efb96b\" data-id=\"33efb96b\" data-element_type=\"column\" data-e-type=\"column\">\n\t\t\t<div class=\"elementor-widget-wrap elementor-element-populated\">\n\t\t\t\t\t\t<div class=\"elementor-element elementor-element-5c3a7a73 elementor-widget elementor-widget-text-editor\" data-id=\"5c3a7a73\" data-element_type=\"widget\" data-e-type=\"widget\" data-settings=\"{&quot;ekit_we_effect_on&quot;:&quot;none&quot;}\" data-widget_type=\"text-editor.default\">\n\t\t\t\t<div class=\"elementor-widget-container\">\n\t\t\t\t\t\t\t\t\t<p>We respond immediately to reports of stray dogs, but the capture must be approved by a representative of the municipality.<\/p><p>If you need to capture a dog, we recommend that you contact the municipality, and they will instruct us.<\/p><p>We provide services exclusively for municipalities and towns with which we have a contractual agreement for the capture and placement of dogs in the quarantine station.<\/p>\t\t\t\t\t\t\t\t<\/div>\n\t\t\t\t<\/div>\n\t\t\t\t\t<\/div>\n\t\t<\/div>\n\t\t\t\t<div class=\"elementor-column elementor-col-50 elementor-inner-column elementor-element elementor-element-4fc32959\" data-id=\"4fc32959\" data-element_type=\"column\" data-e-type=\"column\" data-settings=\"{&quot;background_background&quot;:&quot;classic&quot;}\">\n\t\t\t<div class=\"elementor-widget-wrap elementor-element-populated\">\n\t\t\t\t\t<div class=\"elementor-background-overlay\"><\/div>\n\t\t\t\t\t\t<div class=\"elementor-element elementor-element-634bcddb elementor-widget elementor-widget-image\" data-id=\"634bcddb\" data-element_type=\"widget\" data-e-type=\"widget\" data-settings=\"{&quot;ekit_we_effect_on&quot;:&quot;none&quot;}\" data-widget_type=\"image.default\">\n\t\t\t\t<div class=\"elementor-widget-container\">\n\t\t\t\t\t\t\t\t\t\t\t\t\t\t\t\t<a href=\"https:\/\/www.pomocpsikom.sk\/wp-content\/uploads\/2021\/05\/IMG-080521-03.jpg\" data-elementor-open-lightbox=\"yes\" data-elementor-lightbox-title=\"IMG-080521-03\" data-e-action-hash=\"#elementor-action%3Aaction%3Dlightbox%26settings%3DeyJpZCI6MjE1LCJ1cmwiOiJodHRwczpcL1wvd3d3LnBvbW9jcHNpa29tLnNrXC93cC1jb250ZW50XC91cGxvYWRzXC8yMDIxXC8wNVwvSU1HLTA4MDUyMS0wMy5qcGcifQ%3D%3D\">\n\t\t\t\t\t\t\t<img fetchpriority=\"high\" decoding=\"async\" width=\"750\" height=\"750\" src=\"https:\/\/www.pomocpsikom.sk\/wp-content\/uploads\/2021\/05\/IMG-080521-03.jpg\" class=\"attachment-large size-large wp-image-215\" alt=\"\" srcset=\"https:\/\/www.pomocpsikom.sk\/wp-content\/uploads\/2021\/05\/IMG-080521-03.jpg 750w, https:\/\/www.pomocpsikom.sk\/wp-content\/uploads\/2021\/05\/IMG-080521-03-300x300.jpg 300w, https:\/\/www.pomocpsikom.sk\/wp-content\/uploads\/2021\/05\/IMG-080521-03-150x150.jpg 150w\" sizes=\"(max-width: 750px) 100vw, 750px\" \/>\t\t\t\t\t\t\t\t<\/a>\n\t\t\t\t\t\t\t\t\t\t\t\t\t\t\t<\/div>\n\t\t\t\t<\/div>\n\t\t\t\t\t<\/div>\n\t\t<\/div>\n\t\t\t\t\t<\/div>\n\t\t<\/section>\n\t\t\t\t\t<\/div>\n\t\t<\/div>\n\t\t\t\t\t<\/div>\n\t\t<\/section>\n\t\t\t\t<\/div>","protected":false},"excerpt":{"rendered":"<p>Na\u0161a \u010dinnos\u0165 Ako vykon\u00e1vame na\u0161u \u010dinnos\u0165? Na odchyt ps\u00edka vyr\u00e1\u017eame bezodkladne po prijat\u00ed inform\u00e1cie, odchyt v\u0161ak mus\u00ed by\u0165 schv\u00e1len\u00fd z\u00e1stupcom obce. V pr\u00edpade potreby odchytenia ps\u00edka v\u00e1m teda odpor\u00fa\u010dame obr\u00e1ti\u0165 sa na obec a oni n\u00e1m daj\u00fa pokyn. Slu\u017eby vykon\u00e1vame v\u00fdhradne pre obce a mest\u00e1, s ktor\u00fdmi m\u00e1me uzatvoren\u00fa zmluvu na odchyt a umiestnenie ps\u00edkov [&hellip;]<\/p>\n","protected":false},"author":1,"featured_media":27,"parent":31,"menu_order":0,"comment_status":"closed","ping_status":"closed","template":"","meta":{"_acf_changed":false,"footnotes":""},"class_list":["post-36","page","type-page","status-publish","has-post-thumbnail","hentry"],"acf":[],"yoast_head":"<!-- This site is optimized with the Yoast SEO plugin v27.4 - https:\/\/yoast.com\/product\/yoast-seo-wordpress\/ -->\n<title>Na\u0161a \u010dinnos\u0165 &#187; OZ Pomoc Ps\u00edkom<\/title>\n<meta name=\"description\" content=\"Ob\u010dianske zdru\u017eenie OZ Pomoc Ps\u00edkom vyr\u00e1\u017ea na odchyt psa bezodkladne po prijat\u00ed inform\u00e1ci\u00ed. Slu\u017eby vykon\u00e1vame v\u00fdhradne pre obce a mest\u00e1.\" \/>\n<meta name=\"robots\" content=\"index, follow, max-snippet:-1, max-image-preview:large, max-video-preview:-1\" \/>\n<link rel=\"canonical\" href=\"https:\/\/www.pomocpsikom.sk\/en\/odchyt-psov\/nasa-cinnost\/\" \/>\n<meta property=\"og:locale\" content=\"en_GB\" \/>\n<meta property=\"og:type\" content=\"article\" \/>\n<meta property=\"og:title\" content=\"Na\u0161a \u010dinnos\u0165 &#187; OZ Pomoc Ps\u00edkom\" \/>\n<meta property=\"og:description\" content=\"Ob\u010dianske zdru\u017eenie OZ Pomoc Ps\u00edkom vyr\u00e1\u017ea na odchyt psa bezodkladne po prijat\u00ed inform\u00e1ci\u00ed. Slu\u017eby vykon\u00e1vame v\u00fdhradne pre obce a mest\u00e1.\" \/>\n<meta property=\"og:url\" content=\"https:\/\/www.pomocpsikom.sk\/en\/odchyt-psov\/nasa-cinnost\/\" \/>\n<meta property=\"og:site_name\" content=\"OZ Pomoc Ps\u00edkom\" \/>\n<meta property=\"article:modified_time\" content=\"2024-06-03T08:28:24+00:00\" \/>\n<meta property=\"og:image\" content=\"https:\/\/www.pomocpsikom.sk\/wp-content\/uploads\/2021\/04\/pomocpsikom-thumbnail.jpg\" \/>\n\t<meta property=\"og:image:width\" content=\"1024\" \/>\n\t<meta property=\"og:image:height\" content=\"574\" \/>\n\t<meta property=\"og:image:type\" content=\"image\/jpeg\" \/>\n<meta name=\"twitter:card\" content=\"summary_large_image\" \/>\n<meta name=\"twitter:label1\" content=\"Estimated reading time\" \/>\n\t<meta name=\"twitter:data1\" content=\"1 minute\" \/>\n<script type=\"application\/ld+json\" class=\"yoast-schema-graph\">{\"@context\":\"https:\\\/\\\/schema.org\",\"@graph\":[{\"@type\":\"WebPage\",\"@id\":\"https:\\\/\\\/www.pomocpsikom.sk\\\/odchyt-psov\\\/nasa-cinnost\\\/\",\"url\":\"https:\\\/\\\/www.pomocpsikom.sk\\\/odchyt-psov\\\/nasa-cinnost\\\/\",\"name\":\"Na\u0161a \u010dinnos\u0165 &#187; OZ Pomoc Ps\u00edkom\",\"isPartOf\":{\"@id\":\"https:\\\/\\\/www.pomocpsikom.sk\\\/#website\"},\"primaryImageOfPage\":{\"@id\":\"https:\\\/\\\/www.pomocpsikom.sk\\\/odchyt-psov\\\/nasa-cinnost\\\/#primaryimage\"},\"image\":{\"@id\":\"https:\\\/\\\/www.pomocpsikom.sk\\\/odchyt-psov\\\/nasa-cinnost\\\/#primaryimage\"},\"thumbnailUrl\":\"https:\\\/\\\/www.pomocpsikom.sk\\\/wp-content\\\/uploads\\\/2021\\\/04\\\/pomocpsikom-thumbnail.jpg\",\"datePublished\":\"2021-04-29T19:02:35+00:00\",\"dateModified\":\"2024-06-03T08:28:24+00:00\",\"description\":\"Ob\u010dianske zdru\u017eenie OZ Pomoc Ps\u00edkom vyr\u00e1\u017ea na odchyt psa bezodkladne po prijat\u00ed inform\u00e1ci\u00ed. Slu\u017eby vykon\u00e1vame v\u00fdhradne pre obce a mest\u00e1.\",\"breadcrumb\":{\"@id\":\"https:\\\/\\\/www.pomocpsikom.sk\\\/odchyt-psov\\\/nasa-cinnost\\\/#breadcrumb\"},\"inLanguage\":\"en-GB\",\"potentialAction\":[{\"@type\":\"ReadAction\",\"target\":[\"https:\\\/\\\/www.pomocpsikom.sk\\\/odchyt-psov\\\/nasa-cinnost\\\/\"]}]},{\"@type\":\"ImageObject\",\"inLanguage\":\"en-GB\",\"@id\":\"https:\\\/\\\/www.pomocpsikom.sk\\\/odchyt-psov\\\/nasa-cinnost\\\/#primaryimage\",\"url\":\"https:\\\/\\\/www.pomocpsikom.sk\\\/wp-content\\\/uploads\\\/2021\\\/04\\\/pomocpsikom-thumbnail.jpg\",\"contentUrl\":\"https:\\\/\\\/www.pomocpsikom.sk\\\/wp-content\\\/uploads\\\/2021\\\/04\\\/pomocpsikom-thumbnail.jpg\",\"width\":1024,\"height\":574},{\"@type\":\"BreadcrumbList\",\"@id\":\"https:\\\/\\\/www.pomocpsikom.sk\\\/odchyt-psov\\\/nasa-cinnost\\\/#breadcrumb\",\"itemListElement\":[{\"@type\":\"ListItem\",\"position\":1,\"name\":\"Domovsk\u00e1 str\u00e1nka\",\"item\":\"https:\\\/\\\/www.pomocpsikom.sk\\\/\"},{\"@type\":\"ListItem\",\"position\":2,\"name\":\"Odchyt psov pre obce a mest\u00e1\",\"item\":\"https:\\\/\\\/www.pomocpsikom.sk\\\/odchyt-psov\\\/\"},{\"@type\":\"ListItem\",\"position\":3,\"name\":\"Na\u0161a \u010dinnos\u0165\"}]},{\"@type\":\"WebSite\",\"@id\":\"https:\\\/\\\/www.pomocpsikom.sk\\\/#website\",\"url\":\"https:\\\/\\\/www.pomocpsikom.sk\\\/\",\"name\":\"OZ Pomoc Ps\u00edkom\",\"description\":\"Ob\u010dianske zdru\u017eenie\",\"publisher\":{\"@id\":\"https:\\\/\\\/www.pomocpsikom.sk\\\/#organization\"},\"potentialAction\":[{\"@type\":\"SearchAction\",\"target\":{\"@type\":\"EntryPoint\",\"urlTemplate\":\"https:\\\/\\\/www.pomocpsikom.sk\\\/?s={search_term_string}\"},\"query-input\":{\"@type\":\"PropertyValueSpecification\",\"valueRequired\":true,\"valueName\":\"search_term_string\"}}],\"inLanguage\":\"en-GB\"},{\"@type\":\"Organization\",\"@id\":\"https:\\\/\\\/www.pomocpsikom.sk\\\/#organization\",\"name\":\"OZ Pomoc Ps\u00edkom\",\"url\":\"https:\\\/\\\/www.pomocpsikom.sk\\\/\",\"logo\":{\"@type\":\"ImageObject\",\"inLanguage\":\"en-GB\",\"@id\":\"https:\\\/\\\/www.pomocpsikom.sk\\\/#\\\/schema\\\/logo\\\/image\\\/\",\"url\":\"https:\\\/\\\/www.pomocpsikom.sk\\\/wp-content\\\/uploads\\\/2021\\\/04\\\/pomocpsikom-logo-jpeg.jpg\",\"contentUrl\":\"https:\\\/\\\/www.pomocpsikom.sk\\\/wp-content\\\/uploads\\\/2021\\\/04\\\/pomocpsikom-logo-jpeg.jpg\",\"width\":3000,\"height\":3000,\"caption\":\"OZ Pomoc Ps\u00edkom\"},\"image\":{\"@id\":\"https:\\\/\\\/www.pomocpsikom.sk\\\/#\\\/schema\\\/logo\\\/image\\\/\"}}]}<\/script>\n<!-- \/ Yoast SEO plugin. -->","yoast_head_json":{"title":"Na\u0161a \u010dinnos\u0165 &#187; OZ Pomoc Ps\u00edkom","description":"Ob\u010dianske zdru\u017eenie OZ Pomoc Ps\u00edkom vyr\u00e1\u017ea na odchyt psa bezodkladne po prijat\u00ed inform\u00e1ci\u00ed. Slu\u017eby vykon\u00e1vame v\u00fdhradne pre obce a mest\u00e1.","robots":{"index":"index","follow":"follow","max-snippet":"max-snippet:-1","max-image-preview":"max-image-preview:large","max-video-preview":"max-video-preview:-1"},"canonical":"https:\/\/www.pomocpsikom.sk\/en\/odchyt-psov\/nasa-cinnost\/","og_locale":"en_GB","og_type":"article","og_title":"Na\u0161a \u010dinnos\u0165 &#187; OZ Pomoc Ps\u00edkom","og_description":"Ob\u010dianske zdru\u017eenie OZ Pomoc Ps\u00edkom vyr\u00e1\u017ea na odchyt psa bezodkladne po prijat\u00ed inform\u00e1ci\u00ed. Slu\u017eby vykon\u00e1vame v\u00fdhradne pre obce a mest\u00e1.","og_url":"https:\/\/www.pomocpsikom.sk\/en\/odchyt-psov\/nasa-cinnost\/","og_site_name":"OZ Pomoc Ps\u00edkom","article_modified_time":"2024-06-03T08:28:24+00:00","og_image":[{"width":1024,"height":574,"url":"https:\/\/www.pomocpsikom.sk\/wp-content\/uploads\/2021\/04\/pomocpsikom-thumbnail.jpg","type":"image\/jpeg"}],"twitter_card":"summary_large_image","twitter_misc":{"Estimated reading time":"1 minute"},"schema":{"@context":"https:\/\/schema.org","@graph":[{"@type":"WebPage","@id":"https:\/\/www.pomocpsikom.sk\/odchyt-psov\/nasa-cinnost\/","url":"https:\/\/www.pomocpsikom.sk\/odchyt-psov\/nasa-cinnost\/","name":"Na\u0161a \u010dinnos\u0165 &#187; OZ Pomoc Ps\u00edkom","isPartOf":{"@id":"https:\/\/www.pomocpsikom.sk\/#website"},"primaryImageOfPage":{"@id":"https:\/\/www.pomocpsikom.sk\/odchyt-psov\/nasa-cinnost\/#primaryimage"},"image":{"@id":"https:\/\/www.pomocpsikom.sk\/odchyt-psov\/nasa-cinnost\/#primaryimage"},"thumbnailUrl":"https:\/\/www.pomocpsikom.sk\/wp-content\/uploads\/2021\/04\/pomocpsikom-thumbnail.jpg","datePublished":"2021-04-29T19:02:35+00:00","dateModified":"2024-06-03T08:28:24+00:00","description":"Ob\u010dianske zdru\u017eenie OZ Pomoc Ps\u00edkom vyr\u00e1\u017ea na odchyt psa bezodkladne po prijat\u00ed inform\u00e1ci\u00ed. Slu\u017eby vykon\u00e1vame v\u00fdhradne pre obce a mest\u00e1.","breadcrumb":{"@id":"https:\/\/www.pomocpsikom.sk\/odchyt-psov\/nasa-cinnost\/#breadcrumb"},"inLanguage":"en-GB","potentialAction":[{"@type":"ReadAction","target":["https:\/\/www.pomocpsikom.sk\/odchyt-psov\/nasa-cinnost\/"]}]},{"@type":"ImageObject","inLanguage":"en-GB","@id":"https:\/\/www.pomocpsikom.sk\/odchyt-psov\/nasa-cinnost\/#primaryimage","url":"https:\/\/www.pomocpsikom.sk\/wp-content\/uploads\/2021\/04\/pomocpsikom-thumbnail.jpg","contentUrl":"https:\/\/www.pomocpsikom.sk\/wp-content\/uploads\/2021\/04\/pomocpsikom-thumbnail.jpg","width":1024,"height":574},{"@type":"BreadcrumbList","@id":"https:\/\/www.pomocpsikom.sk\/odchyt-psov\/nasa-cinnost\/#breadcrumb","itemListElement":[{"@type":"ListItem","position":1,"name":"Domovsk\u00e1 str\u00e1nka","item":"https:\/\/www.pomocpsikom.sk\/"},{"@type":"ListItem","position":2,"name":"Odchyt psov pre obce a mest\u00e1","item":"https:\/\/www.pomocpsikom.sk\/odchyt-psov\/"},{"@type":"ListItem","position":3,"name":"Na\u0161a \u010dinnos\u0165"}]},{"@type":"WebSite","@id":"https:\/\/www.pomocpsikom.sk\/#website","url":"https:\/\/www.pomocpsikom.sk\/","name":"OZ Pomoc Ps\u00edkom","description":"Civic Association","publisher":{"@id":"https:\/\/www.pomocpsikom.sk\/#organization"},"potentialAction":[{"@type":"SearchAction","target":{"@type":"EntryPoint","urlTemplate":"https:\/\/www.pomocpsikom.sk\/?s={search_term_string}"},"query-input":{"@type":"PropertyValueSpecification","valueRequired":true,"valueName":"search_term_string"}}],"inLanguage":"en-GB"},{"@type":"Organization","@id":"https:\/\/www.pomocpsikom.sk\/#organization","name":"OZ Pomoc Ps\u00edkom","url":"https:\/\/www.pomocpsikom.sk\/","logo":{"@type":"ImageObject","inLanguage":"en-GB","@id":"https:\/\/www.pomocpsikom.sk\/#\/schema\/logo\/image\/","url":"https:\/\/www.pomocpsikom.sk\/wp-content\/uploads\/2021\/04\/pomocpsikom-logo-jpeg.jpg","contentUrl":"https:\/\/www.pomocpsikom.sk\/wp-content\/uploads\/2021\/04\/pomocpsikom-logo-jpeg.jpg","width":3000,"height":3000,"caption":"OZ Pomoc Ps\u00edkom"},"image":{"@id":"https:\/\/www.pomocpsikom.sk\/#\/schema\/logo\/image\/"}}]}},"_links":{"self":[{"href":"https:\/\/www.pomocpsikom.sk\/en\/wp-json\/wp\/v2\/pages\/36","targetHints":{"allow":["GET"]}}],"collection":[{"href":"https:\/\/www.pomocpsikom.sk\/en\/wp-json\/wp\/v2\/pages"}],"about":[{"href":"https:\/\/www.pomocpsikom.sk\/en\/wp-json\/wp\/v2\/types\/page"}],"author":[{"embeddable":true,"href":"https:\/\/www.pomocpsikom.sk\/en\/wp-json\/wp\/v2\/users\/1"}],"replies":[{"embeddable":true,"href":"https:\/\/www.pomocpsikom.sk\/en\/wp-json\/wp\/v2\/comments?post=36"}],"version-history":[{"count":0,"href":"https:\/\/www.pomocpsikom.sk\/en\/wp-json\/wp\/v2\/pages\/36\/revisions"}],"up":[{"embeddable":true,"href":"https:\/\/www.pomocpsikom.sk\/en\/wp-json\/wp\/v2\/pages\/31"}],"wp:featuredmedia":[{"embeddable":true,"href":"https:\/\/www.pomocpsikom.sk\/en\/wp-json\/wp\/v2\/media\/27"}],"wp:attachment":[{"href":"https:\/\/www.pomocpsikom.sk\/en\/wp-json\/wp\/v2\/media?parent=36"}],"curies":[{"name":"wp","href":"https:\/\/api.w.org\/{rel}","templated":true}]}}