{"id":42,"date":"2021-04-29T21:14:11","date_gmt":"2021-04-29T19:14:11","guid":{"rendered":"https:\/\/www.pomocpsikom.sk\/?page_id=42"},"modified":"2024-06-03T10:29:43","modified_gmt":"2024-06-03T08:29:43","slug":"karantenna-stanica","status":"publish","type":"page","link":"https:\/\/www.pomocpsikom.sk\/en\/karantenna-stanica\/","title":{"rendered":"Quarantine Station"},"content":{"rendered":"<div data-elementor-type=\"wp-page\" data-elementor-id=\"42\" class=\"elementor elementor-42\" data-elementor-post-type=\"page\">\n\t\t\t\t\t\t<section data-particle_enable=\"false\" data-particle-mobile-disabled=\"false\" class=\"elementor-section elementor-top-section elementor-element elementor-element-7f50277 elementor-section-content-middle elementor-reverse-mobile elementor-section-boxed elementor-section-height-default elementor-section-height-default\" data-id=\"7f50277\" data-element_type=\"section\" data-e-type=\"section\" data-settings=\"{&quot;ekit_has_onepagescroll_dot&quot;:&quot;yes&quot;}\">\n\t\t\t\t\t\t<div class=\"elementor-container elementor-column-gap-default\">\n\t\t\t\t\t<div class=\"elementor-column elementor-col-100 elementor-top-column elementor-element elementor-element-f5e9875\" data-id=\"f5e9875\" data-element_type=\"column\" data-e-type=\"column\">\n\t\t\t<div class=\"elementor-widget-wrap elementor-element-populated\">\n\t\t\t\t\t\t<div class=\"elementor-element elementor-element-ea46d8c elementor-widget elementor-widget-heading\" data-id=\"ea46d8c\" data-element_type=\"widget\" data-e-type=\"widget\" data-settings=\"{&quot;ekit_we_effect_on&quot;:&quot;none&quot;}\" data-widget_type=\"heading.default\">\n\t\t\t\t<div class=\"elementor-widget-container\">\n\t\t\t\t\t<h3 class=\"elementor-heading-title elementor-size-default\">Introduction<\/h3>\t\t\t\t<\/div>\n\t\t\t\t<\/div>\n\t\t\t\t<div class=\"elementor-element elementor-element-1c5d660 elementor-widget-divider--view-line elementor-widget elementor-widget-divider\" data-id=\"1c5d660\" data-element_type=\"widget\" data-e-type=\"widget\" data-settings=\"{&quot;ekit_we_effect_on&quot;:&quot;none&quot;}\" data-widget_type=\"divider.default\">\n\t\t\t\t<div class=\"elementor-widget-container\">\n\t\t\t\t\t\t\t<div class=\"elementor-divider\">\n\t\t\t<span class=\"elementor-divider-separator\">\n\t\t\t\t\t\t<\/span>\n\t\t<\/div>\n\t\t\t\t\t\t<\/div>\n\t\t\t\t<\/div>\n\t\t\t\t<div class=\"elementor-element elementor-element-141611c elementor-widget elementor-widget-heading\" data-id=\"141611c\" data-element_type=\"widget\" data-e-type=\"widget\" data-settings=\"{&quot;ekit_we_effect_on&quot;:&quot;none&quot;}\" data-widget_type=\"heading.default\">\n\t\t\t\t<div class=\"elementor-widget-container\">\n\t\t\t\t\t<h2 class=\"elementor-heading-title elementor-size-default\">What Is a Quarantine Station and Who Is It For?<\/h2>\t\t\t\t<\/div>\n\t\t\t\t<\/div>\n\t\t\t\t<section data-particle_enable=\"false\" data-particle-mobile-disabled=\"false\" class=\"elementor-section elementor-inner-section elementor-element elementor-element-b1aceb7 elementor-section-content-middle elementor-section-boxed elementor-section-height-default elementor-section-height-default\" data-id=\"b1aceb7\" data-element_type=\"section\" data-e-type=\"section\" data-settings=\"{&quot;ekit_has_onepagescroll_dot&quot;:&quot;yes&quot;}\">\n\t\t\t\t\t\t<div class=\"elementor-container elementor-column-gap-default\">\n\t\t\t\t\t<div class=\"elementor-column elementor-col-50 elementor-inner-column elementor-element elementor-element-a0bfe80\" data-id=\"a0bfe80\" data-element_type=\"column\" data-e-type=\"column\">\n\t\t\t<div class=\"elementor-widget-wrap elementor-element-populated\">\n\t\t\t\t\t\t<div class=\"elementor-element elementor-element-1e46581 elementor-widget elementor-widget-text-editor\" data-id=\"1e46581\" data-element_type=\"widget\" data-e-type=\"widget\" data-settings=\"{&quot;ekit_we_effect_on&quot;:&quot;none&quot;}\" data-widget_type=\"text-editor.default\">\n\t\t\t\t<div class=\"elementor-widget-container\">\n\t\t\t\t\t\t\t\t\t<p>A quarantine station is a facility designated for the placement of animals captured by the animal capture service.<\/p><p>In most cases, these are animals with unknown health statuses that require examination by a veterinarian.<\/p>\t\t\t\t\t\t\t\t<\/div>\n\t\t\t\t<\/div>\n\t\t\t\t\t<\/div>\n\t\t<\/div>\n\t\t\t\t<div class=\"elementor-column elementor-col-50 elementor-inner-column elementor-element elementor-element-b522ac1\" data-id=\"b522ac1\" data-element_type=\"column\" data-e-type=\"column\" data-settings=\"{&quot;background_background&quot;:&quot;classic&quot;}\">\n\t\t\t<div class=\"elementor-widget-wrap elementor-element-populated\">\n\t\t\t\t\t<div class=\"elementor-background-overlay\"><\/div>\n\t\t\t\t\t\t<div class=\"elementor-element elementor-element-3ecf012 elementor-widget elementor-widget-image\" data-id=\"3ecf012\" data-element_type=\"widget\" data-e-type=\"widget\" data-settings=\"{&quot;ekit_we_effect_on&quot;:&quot;none&quot;}\" data-widget_type=\"image.default\">\n\t\t\t\t<div class=\"elementor-widget-container\">\n\t\t\t\t\t\t\t\t\t\t\t\t\t\t\t\t<a href=\"https:\/\/www.pomocpsikom.sk\/wp-content\/uploads\/2024\/06\/434424276_892350182689423_10731601534373792_n.jpg\" data-elementor-open-lightbox=\"yes\" data-elementor-lightbox-title=\"434424276_892350182689423_10731601534373792_n\" data-e-action-hash=\"#elementor-action%3Aaction%3Dlightbox%26settings%3DeyJpZCI6MTM5MSwidXJsIjoiaHR0cHM6XC9cL3d3dy5wb21vY3BzaWtvbS5za1wvd3AtY29udGVudFwvdXBsb2Fkc1wvMjAyNFwvMDZcLzQzNDQyNDI3Nl84OTIzNTAxODI2ODk0MjNfMTA3MzE2MDE1MzQzNzM3OTJfbi5qcGcifQ%3D%3D\">\n\t\t\t\t\t\t\t<img fetchpriority=\"high\" decoding=\"async\" width=\"768\" height=\"355\" src=\"https:\/\/www.pomocpsikom.sk\/wp-content\/uploads\/2024\/06\/434424276_892350182689423_10731601534373792_n-768x355.jpg\" class=\"attachment-medium_large size-medium_large wp-image-1391\" alt=\"\" srcset=\"https:\/\/www.pomocpsikom.sk\/wp-content\/uploads\/2024\/06\/434424276_892350182689423_10731601534373792_n-768x355.jpg 768w, https:\/\/www.pomocpsikom.sk\/wp-content\/uploads\/2024\/06\/434424276_892350182689423_10731601534373792_n-300x139.jpg 300w, https:\/\/www.pomocpsikom.sk\/wp-content\/uploads\/2024\/06\/434424276_892350182689423_10731601534373792_n-1024x473.jpg 1024w, https:\/\/www.pomocpsikom.sk\/wp-content\/uploads\/2024\/06\/434424276_892350182689423_10731601534373792_n-1536x710.jpg 1536w, https:\/\/www.pomocpsikom.sk\/wp-content\/uploads\/2024\/06\/434424276_892350182689423_10731601534373792_n.jpg 2048w\" sizes=\"(max-width: 768px) 100vw, 768px\" \/>\t\t\t\t\t\t\t\t<\/a>\n\t\t\t\t\t\t\t\t\t\t\t\t\t\t\t<\/div>\n\t\t\t\t<\/div>\n\t\t\t\t\t<\/div>\n\t\t<\/div>\n\t\t\t\t\t<\/div>\n\t\t<\/section>\n\t\t\t\t\t<\/div>\n\t\t<\/div>\n\t\t\t\t\t<\/div>\n\t\t<\/section>\n\t\t\t\t<\/div>","protected":false},"excerpt":{"rendered":"<p>Predstavenie \u010co je karant\u00e9nna stanica a pre koho sl\u00fa\u017ei? Karant\u00e9nna stanica je pracovisko ur\u010den\u00e9 na umiestnenie zvierat poch\u00e1dzaj\u00facich z \u010dinnosti odchytovej slu\u017eby. Vo v\u00e4\u010d\u0161ine pr\u00edpadov sa jedn\u00e1 o zvierat\u00e1 s nezn\u00e1mym zdravotn\u00fdm stavom, ktor\u00e9 potrebuj\u00fa vy\u0161etrenie veterin\u00e1rnym lek\u00e1rom.<\/p>","protected":false},"author":1,"featured_media":27,"parent":0,"menu_order":0,"comment_status":"closed","ping_status":"closed","template":"","meta":{"_acf_changed":false,"footnotes":""},"class_list":["post-42","page","type-page","status-publish","has-post-thumbnail","hentry"],"acf":[],"yoast_head":"<!-- This site is optimized with the Yoast SEO plugin v27.4 - https:\/\/yoast.com\/product\/yoast-seo-wordpress\/ -->\n<title>Karant\u00e9nna stanica &#187; OZ Pomoc Ps\u00edkom<\/title>\n<meta name=\"description\" content=\"Ob\u010dianske zdru\u017eenie OZ Pomoc Ps\u00edkom v spolupr\u00e1ci s Defense Pro zabezpe\u010duje prijatie odchyten\u00e9ho ps\u00edka, od\u010d\u00edtanie \u010dipu, o\u0161etrenie a prevenciu.\" \/>\n<meta name=\"robots\" content=\"index, follow, max-snippet:-1, max-image-preview:large, max-video-preview:-1\" \/>\n<link rel=\"canonical\" href=\"https:\/\/www.pomocpsikom.sk\/en\/karantenna-stanica\/\" \/>\n<meta property=\"og:locale\" content=\"en_GB\" \/>\n<meta property=\"og:type\" content=\"article\" \/>\n<meta property=\"og:title\" content=\"Karant\u00e9nna stanica &#187; OZ Pomoc Ps\u00edkom\" \/>\n<meta property=\"og:description\" content=\"Ob\u010dianske zdru\u017eenie OZ Pomoc Ps\u00edkom v spolupr\u00e1ci s Defense Pro zabezpe\u010duje prijatie odchyten\u00e9ho ps\u00edka, od\u010d\u00edtanie \u010dipu, o\u0161etrenie a prevenciu.\" \/>\n<meta property=\"og:url\" content=\"https:\/\/www.pomocpsikom.sk\/en\/karantenna-stanica\/\" \/>\n<meta property=\"og:site_name\" content=\"OZ Pomoc Ps\u00edkom\" \/>\n<meta property=\"article:modified_time\" content=\"2024-06-03T08:29:43+00:00\" \/>\n<meta property=\"og:image\" content=\"https:\/\/www.pomocpsikom.sk\/wp-content\/uploads\/2021\/04\/pomocpsikom-thumbnail.jpg\" \/>\n\t<meta property=\"og:image:width\" content=\"1024\" \/>\n\t<meta property=\"og:image:height\" content=\"574\" \/>\n\t<meta property=\"og:image:type\" content=\"image\/jpeg\" \/>\n<meta name=\"twitter:card\" content=\"summary_large_image\" \/>\n<meta name=\"twitter:label1\" content=\"Estimated reading time\" \/>\n\t<meta name=\"twitter:data1\" content=\"1 minute\" \/>\n<script type=\"application\/ld+json\" class=\"yoast-schema-graph\">{\"@context\":\"https:\\\/\\\/schema.org\",\"@graph\":[{\"@type\":\"WebPage\",\"@id\":\"https:\\\/\\\/www.pomocpsikom.sk\\\/karantenna-stanica\\\/\",\"url\":\"https:\\\/\\\/www.pomocpsikom.sk\\\/karantenna-stanica\\\/\",\"name\":\"Karant\u00e9nna stanica &#187; OZ Pomoc Ps\u00edkom\",\"isPartOf\":{\"@id\":\"https:\\\/\\\/www.pomocpsikom.sk\\\/#website\"},\"primaryImageOfPage\":{\"@id\":\"https:\\\/\\\/www.pomocpsikom.sk\\\/karantenna-stanica\\\/#primaryimage\"},\"image\":{\"@id\":\"https:\\\/\\\/www.pomocpsikom.sk\\\/karantenna-stanica\\\/#primaryimage\"},\"thumbnailUrl\":\"https:\\\/\\\/www.pomocpsikom.sk\\\/wp-content\\\/uploads\\\/2021\\\/04\\\/pomocpsikom-thumbnail.jpg\",\"datePublished\":\"2021-04-29T19:14:11+00:00\",\"dateModified\":\"2024-06-03T08:29:43+00:00\",\"description\":\"Ob\u010dianske zdru\u017eenie OZ Pomoc Ps\u00edkom v spolupr\u00e1ci s Defense Pro zabezpe\u010duje prijatie odchyten\u00e9ho ps\u00edka, od\u010d\u00edtanie \u010dipu, o\u0161etrenie a prevenciu.\",\"breadcrumb\":{\"@id\":\"https:\\\/\\\/www.pomocpsikom.sk\\\/karantenna-stanica\\\/#breadcrumb\"},\"inLanguage\":\"en-GB\",\"potentialAction\":[{\"@type\":\"ReadAction\",\"target\":[\"https:\\\/\\\/www.pomocpsikom.sk\\\/karantenna-stanica\\\/\"]}]},{\"@type\":\"ImageObject\",\"inLanguage\":\"en-GB\",\"@id\":\"https:\\\/\\\/www.pomocpsikom.sk\\\/karantenna-stanica\\\/#primaryimage\",\"url\":\"https:\\\/\\\/www.pomocpsikom.sk\\\/wp-content\\\/uploads\\\/2021\\\/04\\\/pomocpsikom-thumbnail.jpg\",\"contentUrl\":\"https:\\\/\\\/www.pomocpsikom.sk\\\/wp-content\\\/uploads\\\/2021\\\/04\\\/pomocpsikom-thumbnail.jpg\",\"width\":1024,\"height\":574},{\"@type\":\"BreadcrumbList\",\"@id\":\"https:\\\/\\\/www.pomocpsikom.sk\\\/karantenna-stanica\\\/#breadcrumb\",\"itemListElement\":[{\"@type\":\"ListItem\",\"position\":1,\"name\":\"Domovsk\u00e1 str\u00e1nka\",\"item\":\"https:\\\/\\\/www.pomocpsikom.sk\\\/\"},{\"@type\":\"ListItem\",\"position\":2,\"name\":\"Karant\u00e9nna stanica\"}]},{\"@type\":\"WebSite\",\"@id\":\"https:\\\/\\\/www.pomocpsikom.sk\\\/#website\",\"url\":\"https:\\\/\\\/www.pomocpsikom.sk\\\/\",\"name\":\"OZ Pomoc Ps\u00edkom\",\"description\":\"Ob\u010dianske zdru\u017eenie\",\"publisher\":{\"@id\":\"https:\\\/\\\/www.pomocpsikom.sk\\\/#organization\"},\"potentialAction\":[{\"@type\":\"SearchAction\",\"target\":{\"@type\":\"EntryPoint\",\"urlTemplate\":\"https:\\\/\\\/www.pomocpsikom.sk\\\/?s={search_term_string}\"},\"query-input\":{\"@type\":\"PropertyValueSpecification\",\"valueRequired\":true,\"valueName\":\"search_term_string\"}}],\"inLanguage\":\"en-GB\"},{\"@type\":\"Organization\",\"@id\":\"https:\\\/\\\/www.pomocpsikom.sk\\\/#organization\",\"name\":\"OZ Pomoc Ps\u00edkom\",\"url\":\"https:\\\/\\\/www.pomocpsikom.sk\\\/\",\"logo\":{\"@type\":\"ImageObject\",\"inLanguage\":\"en-GB\",\"@id\":\"https:\\\/\\\/www.pomocpsikom.sk\\\/#\\\/schema\\\/logo\\\/image\\\/\",\"url\":\"https:\\\/\\\/www.pomocpsikom.sk\\\/wp-content\\\/uploads\\\/2021\\\/04\\\/pomocpsikom-logo-jpeg.jpg\",\"contentUrl\":\"https:\\\/\\\/www.pomocpsikom.sk\\\/wp-content\\\/uploads\\\/2021\\\/04\\\/pomocpsikom-logo-jpeg.jpg\",\"width\":3000,\"height\":3000,\"caption\":\"OZ Pomoc Ps\u00edkom\"},\"image\":{\"@id\":\"https:\\\/\\\/www.pomocpsikom.sk\\\/#\\\/schema\\\/logo\\\/image\\\/\"}}]}<\/script>\n<!-- \/ Yoast SEO plugin. -->","yoast_head_json":{"title":"Karant\u00e9nna stanica &#187; OZ Pomoc Ps\u00edkom","description":"Ob\u010dianske zdru\u017eenie OZ Pomoc Ps\u00edkom v spolupr\u00e1ci s Defense Pro zabezpe\u010duje prijatie odchyten\u00e9ho ps\u00edka, od\u010d\u00edtanie \u010dipu, o\u0161etrenie a prevenciu.","robots":{"index":"index","follow":"follow","max-snippet":"max-snippet:-1","max-image-preview":"max-image-preview:large","max-video-preview":"max-video-preview:-1"},"canonical":"https:\/\/www.pomocpsikom.sk\/en\/karantenna-stanica\/","og_locale":"en_GB","og_type":"article","og_title":"Karant\u00e9nna stanica &#187; OZ Pomoc Ps\u00edkom","og_description":"Ob\u010dianske zdru\u017eenie OZ Pomoc Ps\u00edkom v spolupr\u00e1ci s Defense Pro zabezpe\u010duje prijatie odchyten\u00e9ho ps\u00edka, od\u010d\u00edtanie \u010dipu, o\u0161etrenie a prevenciu.","og_url":"https:\/\/www.pomocpsikom.sk\/en\/karantenna-stanica\/","og_site_name":"OZ Pomoc Ps\u00edkom","article_modified_time":"2024-06-03T08:29:43+00:00","og_image":[{"width":1024,"height":574,"url":"https:\/\/www.pomocpsikom.sk\/wp-content\/uploads\/2021\/04\/pomocpsikom-thumbnail.jpg","type":"image\/jpeg"}],"twitter_card":"summary_large_image","twitter_misc":{"Estimated reading time":"1 minute"},"schema":{"@context":"https:\/\/schema.org","@graph":[{"@type":"WebPage","@id":"https:\/\/www.pomocpsikom.sk\/karantenna-stanica\/","url":"https:\/\/www.pomocpsikom.sk\/karantenna-stanica\/","name":"Karant\u00e9nna stanica &#187; OZ Pomoc Ps\u00edkom","isPartOf":{"@id":"https:\/\/www.pomocpsikom.sk\/#website"},"primaryImageOfPage":{"@id":"https:\/\/www.pomocpsikom.sk\/karantenna-stanica\/#primaryimage"},"image":{"@id":"https:\/\/www.pomocpsikom.sk\/karantenna-stanica\/#primaryimage"},"thumbnailUrl":"https:\/\/www.pomocpsikom.sk\/wp-content\/uploads\/2021\/04\/pomocpsikom-thumbnail.jpg","datePublished":"2021-04-29T19:14:11+00:00","dateModified":"2024-06-03T08:29:43+00:00","description":"Ob\u010dianske zdru\u017eenie OZ Pomoc Ps\u00edkom v spolupr\u00e1ci s Defense Pro zabezpe\u010duje prijatie odchyten\u00e9ho ps\u00edka, od\u010d\u00edtanie \u010dipu, o\u0161etrenie a prevenciu.","breadcrumb":{"@id":"https:\/\/www.pomocpsikom.sk\/karantenna-stanica\/#breadcrumb"},"inLanguage":"en-GB","potentialAction":[{"@type":"ReadAction","target":["https:\/\/www.pomocpsikom.sk\/karantenna-stanica\/"]}]},{"@type":"ImageObject","inLanguage":"en-GB","@id":"https:\/\/www.pomocpsikom.sk\/karantenna-stanica\/#primaryimage","url":"https:\/\/www.pomocpsikom.sk\/wp-content\/uploads\/2021\/04\/pomocpsikom-thumbnail.jpg","contentUrl":"https:\/\/www.pomocpsikom.sk\/wp-content\/uploads\/2021\/04\/pomocpsikom-thumbnail.jpg","width":1024,"height":574},{"@type":"BreadcrumbList","@id":"https:\/\/www.pomocpsikom.sk\/karantenna-stanica\/#breadcrumb","itemListElement":[{"@type":"ListItem","position":1,"name":"Domovsk\u00e1 str\u00e1nka","item":"https:\/\/www.pomocpsikom.sk\/"},{"@type":"ListItem","position":2,"name":"Karant\u00e9nna stanica"}]},{"@type":"WebSite","@id":"https:\/\/www.pomocpsikom.sk\/#website","url":"https:\/\/www.pomocpsikom.sk\/","name":"OZ Pomoc Ps\u00edkom","description":"Civic Association","publisher":{"@id":"https:\/\/www.pomocpsikom.sk\/#organization"},"potentialAction":[{"@type":"SearchAction","target":{"@type":"EntryPoint","urlTemplate":"https:\/\/www.pomocpsikom.sk\/?s={search_term_string}"},"query-input":{"@type":"PropertyValueSpecification","valueRequired":true,"valueName":"search_term_string"}}],"inLanguage":"en-GB"},{"@type":"Organization","@id":"https:\/\/www.pomocpsikom.sk\/#organization","name":"OZ Pomoc Ps\u00edkom","url":"https:\/\/www.pomocpsikom.sk\/","logo":{"@type":"ImageObject","inLanguage":"en-GB","@id":"https:\/\/www.pomocpsikom.sk\/#\/schema\/logo\/image\/","url":"https:\/\/www.pomocpsikom.sk\/wp-content\/uploads\/2021\/04\/pomocpsikom-logo-jpeg.jpg","contentUrl":"https:\/\/www.pomocpsikom.sk\/wp-content\/uploads\/2021\/04\/pomocpsikom-logo-jpeg.jpg","width":3000,"height":3000,"caption":"OZ Pomoc Ps\u00edkom"},"image":{"@id":"https:\/\/www.pomocpsikom.sk\/#\/schema\/logo\/image\/"}}]}},"_links":{"self":[{"href":"https:\/\/www.pomocpsikom.sk\/en\/wp-json\/wp\/v2\/pages\/42","targetHints":{"allow":["GET"]}}],"collection":[{"href":"https:\/\/www.pomocpsikom.sk\/en\/wp-json\/wp\/v2\/pages"}],"about":[{"href":"https:\/\/www.pomocpsikom.sk\/en\/wp-json\/wp\/v2\/types\/page"}],"author":[{"embeddable":true,"href":"https:\/\/www.pomocpsikom.sk\/en\/wp-json\/wp\/v2\/users\/1"}],"replies":[{"embeddable":true,"href":"https:\/\/www.pomocpsikom.sk\/en\/wp-json\/wp\/v2\/comments?post=42"}],"version-history":[{"count":0,"href":"https:\/\/www.pomocpsikom.sk\/en\/wp-json\/wp\/v2\/pages\/42\/revisions"}],"wp:featuredmedia":[{"embeddable":true,"href":"https:\/\/www.pomocpsikom.sk\/en\/wp-json\/wp\/v2\/media\/27"}],"wp:attachment":[{"href":"https:\/\/www.pomocpsikom.sk\/en\/wp-json\/wp\/v2\/media?parent=42"}],"curies":[{"name":"wp","href":"https:\/\/api.w.org\/{rel}","templated":true}]}}