{"id":676,"date":"2021-05-15T20:31:31","date_gmt":"2021-05-15T18:31:31","guid":{"rendered":"https:\/\/www.pomocpsikom.sk\/?page_id=676"},"modified":"2021-05-15T20:31:32","modified_gmt":"2021-05-15T18:31:32","slug":"materialna-podpora","status":"publish","type":"page","link":"https:\/\/www.pomocpsikom.sk\/en\/podporte-nas\/materialna-podpora\/","title":{"rendered":"Materi\u00e1lna Podpora"},"content":{"rendered":"","protected":false},"excerpt":{"rendered":"","protected":false},"author":1,"featured_media":27,"parent":55,"menu_order":3,"comment_status":"closed","ping_status":"closed","template":"","meta":{"_acf_changed":false,"footnotes":""},"class_list":["post-676","page","type-page","status-publish","has-post-thumbnail","hentry"],"acf":[],"yoast_head":"<!-- This site is optimized with the Yoast SEO plugin v27.4 - https:\/\/yoast.com\/product\/yoast-seo-wordpress\/ -->\n<title>Materi\u00e1lna Podpora &#187; OZ Pomoc Ps\u00edkom<\/title>\n<meta name=\"description\" content=\"Ob\u010dianske zdru\u017eenie OZ Pomoc Ps\u00edkom...\" \/>\n<meta name=\"robots\" content=\"index, follow, max-snippet:-1, max-image-preview:large, max-video-preview:-1\" \/>\n<link rel=\"canonical\" href=\"https:\/\/www.pomocpsikom.sk\/en\/podporte-nas\/materialna-podpora\/\" \/>\n<meta property=\"og:locale\" content=\"en_GB\" \/>\n<meta property=\"og:type\" content=\"article\" \/>\n<meta property=\"og:title\" content=\"Materi\u00e1lna Podpora &#187; OZ Pomoc Ps\u00edkom\" \/>\n<meta property=\"og:description\" content=\"Ob\u010dianske zdru\u017eenie OZ Pomoc Ps\u00edkom...\" \/>\n<meta property=\"og:url\" content=\"https:\/\/www.pomocpsikom.sk\/en\/podporte-nas\/materialna-podpora\/\" \/>\n<meta property=\"og:site_name\" content=\"OZ Pomoc Ps\u00edkom\" \/>\n<meta property=\"article:modified_time\" content=\"2021-05-15T18:31:32+00:00\" \/>\n<meta property=\"og:image\" content=\"https:\/\/www.pomocpsikom.sk\/wp-content\/uploads\/2021\/04\/pomocpsikom-thumbnail.jpg\" \/>\n\t<meta property=\"og:image:width\" content=\"1024\" \/>\n\t<meta property=\"og:image:height\" content=\"574\" \/>\n\t<meta property=\"og:image:type\" content=\"image\/jpeg\" \/>\n<meta name=\"twitter:card\" content=\"summary_large_image\" \/>\n<script type=\"application\/ld+json\" class=\"yoast-schema-graph\">{\"@context\":\"https:\\\/\\\/schema.org\",\"@graph\":[{\"@type\":\"WebPage\",\"@id\":\"https:\\\/\\\/www.pomocpsikom.sk\\\/podporte-nas\\\/materialna-podpora\\\/\",\"url\":\"https:\\\/\\\/www.pomocpsikom.sk\\\/podporte-nas\\\/materialna-podpora\\\/\",\"name\":\"Materi\u00e1lna Podpora &#187; OZ Pomoc Ps\u00edkom\",\"isPartOf\":{\"@id\":\"https:\\\/\\\/www.pomocpsikom.sk\\\/#website\"},\"primaryImageOfPage\":{\"@id\":\"https:\\\/\\\/www.pomocpsikom.sk\\\/podporte-nas\\\/materialna-podpora\\\/#primaryimage\"},\"image\":{\"@id\":\"https:\\\/\\\/www.pomocpsikom.sk\\\/podporte-nas\\\/materialna-podpora\\\/#primaryimage\"},\"thumbnailUrl\":\"https:\\\/\\\/www.pomocpsikom.sk\\\/wp-content\\\/uploads\\\/2021\\\/04\\\/pomocpsikom-thumbnail.jpg\",\"datePublished\":\"2021-05-15T18:31:31+00:00\",\"dateModified\":\"2021-05-15T18:31:32+00:00\",\"description\":\"Ob\u010dianske zdru\u017eenie OZ Pomoc Ps\u00edkom...\",\"breadcrumb\":{\"@id\":\"https:\\\/\\\/www.pomocpsikom.sk\\\/podporte-nas\\\/materialna-podpora\\\/#breadcrumb\"},\"inLanguage\":\"en-GB\",\"potentialAction\":[{\"@type\":\"ReadAction\",\"target\":[\"https:\\\/\\\/www.pomocpsikom.sk\\\/podporte-nas\\\/materialna-podpora\\\/\"]}]},{\"@type\":\"ImageObject\",\"inLanguage\":\"en-GB\",\"@id\":\"https:\\\/\\\/www.pomocpsikom.sk\\\/podporte-nas\\\/materialna-podpora\\\/#primaryimage\",\"url\":\"https:\\\/\\\/www.pomocpsikom.sk\\\/wp-content\\\/uploads\\\/2021\\\/04\\\/pomocpsikom-thumbnail.jpg\",\"contentUrl\":\"https:\\\/\\\/www.pomocpsikom.sk\\\/wp-content\\\/uploads\\\/2021\\\/04\\\/pomocpsikom-thumbnail.jpg\",\"width\":1024,\"height\":574},{\"@type\":\"BreadcrumbList\",\"@id\":\"https:\\\/\\\/www.pomocpsikom.sk\\\/podporte-nas\\\/materialna-podpora\\\/#breadcrumb\",\"itemListElement\":[{\"@type\":\"ListItem\",\"position\":1,\"name\":\"Domovsk\u00e1 str\u00e1nka\",\"item\":\"https:\\\/\\\/www.pomocpsikom.sk\\\/\"},{\"@type\":\"ListItem\",\"position\":2,\"name\":\"Podporte n\u00e1s\",\"item\":\"https:\\\/\\\/www.pomocpsikom.sk\\\/podporte-nas\\\/\"},{\"@type\":\"ListItem\",\"position\":3,\"name\":\"Materi\u00e1lna Podpora\"}]},{\"@type\":\"WebSite\",\"@id\":\"https:\\\/\\\/www.pomocpsikom.sk\\\/#website\",\"url\":\"https:\\\/\\\/www.pomocpsikom.sk\\\/\",\"name\":\"OZ Pomoc Ps\u00edkom\",\"description\":\"Ob\u010dianske zdru\u017eenie\",\"publisher\":{\"@id\":\"https:\\\/\\\/www.pomocpsikom.sk\\\/#organization\"},\"potentialAction\":[{\"@type\":\"SearchAction\",\"target\":{\"@type\":\"EntryPoint\",\"urlTemplate\":\"https:\\\/\\\/www.pomocpsikom.sk\\\/?s={search_term_string}\"},\"query-input\":{\"@type\":\"PropertyValueSpecification\",\"valueRequired\":true,\"valueName\":\"search_term_string\"}}],\"inLanguage\":\"en-GB\"},{\"@type\":\"Organization\",\"@id\":\"https:\\\/\\\/www.pomocpsikom.sk\\\/#organization\",\"name\":\"OZ Pomoc Ps\u00edkom\",\"url\":\"https:\\\/\\\/www.pomocpsikom.sk\\\/\",\"logo\":{\"@type\":\"ImageObject\",\"inLanguage\":\"en-GB\",\"@id\":\"https:\\\/\\\/www.pomocpsikom.sk\\\/#\\\/schema\\\/logo\\\/image\\\/\",\"url\":\"https:\\\/\\\/www.pomocpsikom.sk\\\/wp-content\\\/uploads\\\/2021\\\/04\\\/pomocpsikom-logo-jpeg.jpg\",\"contentUrl\":\"https:\\\/\\\/www.pomocpsikom.sk\\\/wp-content\\\/uploads\\\/2021\\\/04\\\/pomocpsikom-logo-jpeg.jpg\",\"width\":3000,\"height\":3000,\"caption\":\"OZ Pomoc Ps\u00edkom\"},\"image\":{\"@id\":\"https:\\\/\\\/www.pomocpsikom.sk\\\/#\\\/schema\\\/logo\\\/image\\\/\"}}]}<\/script>\n<!-- \/ Yoast SEO plugin. -->","yoast_head_json":{"title":"Materi\u00e1lna Podpora &#187; OZ Pomoc Ps\u00edkom","description":"Ob\u010dianske zdru\u017eenie OZ Pomoc Ps\u00edkom...","robots":{"index":"index","follow":"follow","max-snippet":"max-snippet:-1","max-image-preview":"max-image-preview:large","max-video-preview":"max-video-preview:-1"},"canonical":"https:\/\/www.pomocpsikom.sk\/en\/podporte-nas\/materialna-podpora\/","og_locale":"en_GB","og_type":"article","og_title":"Materi\u00e1lna Podpora &#187; OZ Pomoc Ps\u00edkom","og_description":"Ob\u010dianske zdru\u017eenie OZ Pomoc Ps\u00edkom...","og_url":"https:\/\/www.pomocpsikom.sk\/en\/podporte-nas\/materialna-podpora\/","og_site_name":"OZ Pomoc Ps\u00edkom","article_modified_time":"2021-05-15T18:31:32+00:00","og_image":[{"width":1024,"height":574,"url":"https:\/\/www.pomocpsikom.sk\/wp-content\/uploads\/2021\/04\/pomocpsikom-thumbnail.jpg","type":"image\/jpeg"}],"twitter_card":"summary_large_image","schema":{"@context":"https:\/\/schema.org","@graph":[{"@type":"WebPage","@id":"https:\/\/www.pomocpsikom.sk\/podporte-nas\/materialna-podpora\/","url":"https:\/\/www.pomocpsikom.sk\/podporte-nas\/materialna-podpora\/","name":"Materi\u00e1lna Podpora &#187; OZ Pomoc Ps\u00edkom","isPartOf":{"@id":"https:\/\/www.pomocpsikom.sk\/#website"},"primaryImageOfPage":{"@id":"https:\/\/www.pomocpsikom.sk\/podporte-nas\/materialna-podpora\/#primaryimage"},"image":{"@id":"https:\/\/www.pomocpsikom.sk\/podporte-nas\/materialna-podpora\/#primaryimage"},"thumbnailUrl":"https:\/\/www.pomocpsikom.sk\/wp-content\/uploads\/2021\/04\/pomocpsikom-thumbnail.jpg","datePublished":"2021-05-15T18:31:31+00:00","dateModified":"2021-05-15T18:31:32+00:00","description":"Ob\u010dianske zdru\u017eenie OZ Pomoc Ps\u00edkom...","breadcrumb":{"@id":"https:\/\/www.pomocpsikom.sk\/podporte-nas\/materialna-podpora\/#breadcrumb"},"inLanguage":"en-GB","potentialAction":[{"@type":"ReadAction","target":["https:\/\/www.pomocpsikom.sk\/podporte-nas\/materialna-podpora\/"]}]},{"@type":"ImageObject","inLanguage":"en-GB","@id":"https:\/\/www.pomocpsikom.sk\/podporte-nas\/materialna-podpora\/#primaryimage","url":"https:\/\/www.pomocpsikom.sk\/wp-content\/uploads\/2021\/04\/pomocpsikom-thumbnail.jpg","contentUrl":"https:\/\/www.pomocpsikom.sk\/wp-content\/uploads\/2021\/04\/pomocpsikom-thumbnail.jpg","width":1024,"height":574},{"@type":"BreadcrumbList","@id":"https:\/\/www.pomocpsikom.sk\/podporte-nas\/materialna-podpora\/#breadcrumb","itemListElement":[{"@type":"ListItem","position":1,"name":"Domovsk\u00e1 str\u00e1nka","item":"https:\/\/www.pomocpsikom.sk\/"},{"@type":"ListItem","position":2,"name":"Podporte n\u00e1s","item":"https:\/\/www.pomocpsikom.sk\/podporte-nas\/"},{"@type":"ListItem","position":3,"name":"Materi\u00e1lna Podpora"}]},{"@type":"WebSite","@id":"https:\/\/www.pomocpsikom.sk\/#website","url":"https:\/\/www.pomocpsikom.sk\/","name":"OZ Pomoc Ps\u00edkom","description":"Civic Association","publisher":{"@id":"https:\/\/www.pomocpsikom.sk\/#organization"},"potentialAction":[{"@type":"SearchAction","target":{"@type":"EntryPoint","urlTemplate":"https:\/\/www.pomocpsikom.sk\/?s={search_term_string}"},"query-input":{"@type":"PropertyValueSpecification","valueRequired":true,"valueName":"search_term_string"}}],"inLanguage":"en-GB"},{"@type":"Organization","@id":"https:\/\/www.pomocpsikom.sk\/#organization","name":"OZ Pomoc Ps\u00edkom","url":"https:\/\/www.pomocpsikom.sk\/","logo":{"@type":"ImageObject","inLanguage":"en-GB","@id":"https:\/\/www.pomocpsikom.sk\/#\/schema\/logo\/image\/","url":"https:\/\/www.pomocpsikom.sk\/wp-content\/uploads\/2021\/04\/pomocpsikom-logo-jpeg.jpg","contentUrl":"https:\/\/www.pomocpsikom.sk\/wp-content\/uploads\/2021\/04\/pomocpsikom-logo-jpeg.jpg","width":3000,"height":3000,"caption":"OZ Pomoc Ps\u00edkom"},"image":{"@id":"https:\/\/www.pomocpsikom.sk\/#\/schema\/logo\/image\/"}}]}},"_links":{"self":[{"href":"https:\/\/www.pomocpsikom.sk\/en\/wp-json\/wp\/v2\/pages\/676","targetHints":{"allow":["GET"]}}],"collection":[{"href":"https:\/\/www.pomocpsikom.sk\/en\/wp-json\/wp\/v2\/pages"}],"about":[{"href":"https:\/\/www.pomocpsikom.sk\/en\/wp-json\/wp\/v2\/types\/page"}],"author":[{"embeddable":true,"href":"https:\/\/www.pomocpsikom.sk\/en\/wp-json\/wp\/v2\/users\/1"}],"replies":[{"embeddable":true,"href":"https:\/\/www.pomocpsikom.sk\/en\/wp-json\/wp\/v2\/comments?post=676"}],"version-history":[{"count":0,"href":"https:\/\/www.pomocpsikom.sk\/en\/wp-json\/wp\/v2\/pages\/676\/revisions"}],"up":[{"embeddable":true,"href":"https:\/\/www.pomocpsikom.sk\/en\/wp-json\/wp\/v2\/pages\/55"}],"wp:featuredmedia":[{"embeddable":true,"href":"https:\/\/www.pomocpsikom.sk\/en\/wp-json\/wp\/v2\/media\/27"}],"wp:attachment":[{"href":"https:\/\/www.pomocpsikom.sk\/en\/wp-json\/wp\/v2\/media?parent=676"}],"curies":[{"name":"wp","href":"https:\/\/api.w.org\/{rel}","templated":true}]}}